{"id":423,"date":"2022-06-20T10:45:26","date_gmt":"2022-06-20T15:45:26","guid":{"rendered":"https:\/\/www.mljinsurance.com\/about-us\/"},"modified":"2022-11-02T15:51:47","modified_gmt":"2022-11-02T20:51:47","slug":"about-us","status":"publish","type":"page","link":"https:\/\/www.mljinsurance.com\/es\/about-us\/","title":{"rendered":"Acerca de nosotros"},"content":{"rendered":"<p>Nuestros clientes son la \u00fanica raz\u00f3n por la que estamos en este negocio, y estamos comprometidos con nuestro enfoque de brindar un servicio al cliente excepcional. Estamos disponibles para ayudar a nuestros clientes durante todo el a\u00f1o con la gesti\u00f3n de su p\u00f3liza.<\/p>\n<p><img decoding=\"async\" class=\"alignnone size-full wp-image-354 lazyload\" data-src=\"\/wp-content\/uploads\/sites\/92\/2022\/09\/bbb.png\" alt=\"\" width=\"187\" height=\"130\" src=\"data:image\/svg+xml;base64,PHN2ZyB3aWR0aD0iMSIgaGVpZ2h0PSIxIiB4bWxucz0iaHR0cDovL3d3dy53My5vcmcvMjAwMC9zdmciPjwvc3ZnPg==\" style=\"--smush-placeholder-width: 187px; --smush-placeholder-aspect-ratio: 187\/130;\" \/><\/p>\n<p>De principio a fin, nos esforzamos por brindar apoyo continuo a nuestros clientes para ayudarlos a navegar por el mundo de los seguros de salud. Nuestro objetivo es considerar a cada individuo, familia y grupo de empleadores como algo \u00fanico.<\/p>\n<p>Al considerar a cada cliente y cliente potencial como \u00fanico, podemos ofrecer p\u00f3lizas de seguro que se ajusten mejor a las circunstancias actuales del individuo, la familia o el empleador.<\/p>\n<p>Nuestro negocio se toma muy en serio la protecci\u00f3n de su informaci\u00f3n. Puede estar tranquilo sabiendo que cumplimos con HIPPA. Nuestra prioridad es mantener la confidencialidad y seguridad de su informaci\u00f3n m\u00e9dica personal. Cualquier informaci\u00f3n que se nos suministre se mantendr\u00e1 en estricta confidencialidad. (Para obtener m\u00e1s informaci\u00f3n, no dude en revisar nuestra Pol\u00edtica de privacidad a trav\u00e9s del siguiente enlace).<\/p>\n<p>\u00bfC\u00f3mo estamos calificados para ayudarlo a encontrar soluciones a sus dilemas de seguros?<br \/>\nMLJ Insurance Services se enorgullece de ser una agencia de corretaje de servicio completo para seguros de salud individuales y grupales. Somos una oficina biling\u00fce que habla ingl\u00e9s y espa\u00f1ol. Evaluamos cada compa\u00f1\u00eda de seguros que representamos observando su estabilidad financiera, reputaci\u00f3n y dise\u00f1os de planes. Trabajamos para tener excelentes relaciones con las compa\u00f1\u00edas de seguros y sus representantes para que nuestros clientes siempre tengan las mejores opciones disponibles.<\/p>\n<p><img decoding=\"async\" class=\"alignnone size-full wp-image-355 lazyload\" data-src=\"\/wp-content\/uploads\/sites\/92\/2022\/09\/About-Page-Logos-2.jpg\" alt=\"\" width=\"613\" height=\"212\" src=\"data:image\/svg+xml;base64,PHN2ZyB3aWR0aD0iMSIgaGVpZ2h0PSIxIiB4bWxucz0iaHR0cDovL3d3dy53My5vcmcvMjAwMC9zdmciPjwvc3ZnPg==\" style=\"--smush-placeholder-width: 613px; --smush-placeholder-aspect-ratio: 613\/212;\" \/><\/p>\n","protected":false},"excerpt":{"rendered":"<p>Nuestros clientes son la \u00fanica raz\u00f3n por la que estamos en este negocio, y estamos comprometidos con nuestro enfoque de brindar un servicio al cliente excepcional. Estamos disponibles para ayudar a nuestros clientes durante todo el a\u00f1o con la gesti\u00f3n de su p\u00f3liza. De principio a fin, nos esforzamos por brindar apoyo continuo a nuestros [&hellip;]<\/p>\n","protected":false},"author":6,"featured_media":0,"parent":0,"menu_order":0,"comment_status":"closed","ping_status":"closed","template":"","meta":{"_acf_changed":false,"_seopress_robots_primary_cat":null,"_seopress_titles_title":"","_seopress_titles_desc":"","_seopress_robots_index":"","_analytify_skip_tracking":false,"footnotes":""},"class_list":["post-423","page","type-page","status-publish","hentry"],"acf":[],"_links":{"self":[{"href":"https:\/\/www.mljinsurance.com\/es\/wp-json\/wp\/v2\/pages\/423","targetHints":{"allow":["GET"]}}],"collection":[{"href":"https:\/\/www.mljinsurance.com\/es\/wp-json\/wp\/v2\/pages"}],"about":[{"href":"https:\/\/www.mljinsurance.com\/es\/wp-json\/wp\/v2\/types\/page"}],"author":[{"embeddable":true,"href":"https:\/\/www.mljinsurance.com\/es\/wp-json\/wp\/v2\/users\/6"}],"replies":[{"embeddable":true,"href":"https:\/\/www.mljinsurance.com\/es\/wp-json\/wp\/v2\/comments?post=423"}],"version-history":[{"count":0,"href":"https:\/\/www.mljinsurance.com\/es\/wp-json\/wp\/v2\/pages\/423\/revisions"}],"wp:attachment":[{"href":"https:\/\/www.mljinsurance.com\/es\/wp-json\/wp\/v2\/media?parent=423"}],"curies":[{"name":"wp","href":"https:\/\/api.w.org\/{rel}","templated":true}]}}