{"id":445,"date":"2022-06-29T10:20:07","date_gmt":"2022-06-29T15:20:07","guid":{"rendered":"https:\/\/www.mljinsurance.com\/carriers\/"},"modified":"2022-11-02T14:59:34","modified_gmt":"2022-11-02T19:59:34","slug":"carriers","status":"publish","type":"page","link":"https:\/\/www.mljinsurance.com\/es\/carriers\/","title":{"rendered":"Nuestras compa\u00f1\u00edas"},"content":{"rendered":"<p>Tenga en cuenta que, como agente, MLJ depende de lo que est\u00e1 disponible actualmente para la participaci\u00f3n en la red y las listas de medicamentos aprobados. MLJ no est\u00e1 al tanto de los cambios a medida que ocurren para una red y una lista de medicamentos aprobados. La investigaci\u00f3n proporcionada muestra lo que actualmente muestran las compa\u00f1\u00edas de seguros. Todos los cambios en las listas de medicamentos aprobados y los m\u00e9dicos participantes de la red son entre la aseguradora y el asegurado.<\/p>\n<p>No ofrecemos todos los planes disponibles en su \u00e1rea. Cualquier informaci\u00f3n que proporcionemos se limita a los planes que ofrecemos en su \u00e1rea. Comun\u00edquese con Medicare.gov o llame al 1-800-MEDICARE para obtener informaci\u00f3n sobre todas sus opciones.<\/p>\n","protected":false},"excerpt":{"rendered":"<p>Tenga en cuenta que, como agente, MLJ depende de lo que est\u00e1 disponible actualmente para la participaci\u00f3n en la red y las listas de medicamentos aprobados. MLJ no est\u00e1 al tanto de los cambios a medida que ocurren para una red y una lista de medicamentos aprobados. La investigaci\u00f3n proporcionada muestra lo que actualmente muestran [&hellip;]<\/p>\n","protected":false},"author":6,"featured_media":0,"parent":0,"menu_order":0,"comment_status":"closed","ping_status":"closed","template":"page-templates\/zy-template-post-type-archive.php","meta":{"_acf_changed":false,"_seopress_robots_primary_cat":null,"_seopress_titles_title":"","_seopress_titles_desc":"","_seopress_robots_index":"","_analytify_skip_tracking":false,"footnotes":""},"class_list":["post-445","page","type-page","status-publish","hentry"],"acf":[],"_links":{"self":[{"href":"https:\/\/www.mljinsurance.com\/es\/wp-json\/wp\/v2\/pages\/445","targetHints":{"allow":["GET"]}}],"collection":[{"href":"https:\/\/www.mljinsurance.com\/es\/wp-json\/wp\/v2\/pages"}],"about":[{"href":"https:\/\/www.mljinsurance.com\/es\/wp-json\/wp\/v2\/types\/page"}],"author":[{"embeddable":true,"href":"https:\/\/www.mljinsurance.com\/es\/wp-json\/wp\/v2\/users\/6"}],"replies":[{"embeddable":true,"href":"https:\/\/www.mljinsurance.com\/es\/wp-json\/wp\/v2\/comments?post=445"}],"version-history":[{"count":0,"href":"https:\/\/www.mljinsurance.com\/es\/wp-json\/wp\/v2\/pages\/445\/revisions"}],"wp:attachment":[{"href":"https:\/\/www.mljinsurance.com\/es\/wp-json\/wp\/v2\/media?parent=445"}],"curies":[{"name":"wp","href":"https:\/\/api.w.org\/{rel}","templated":true}]}}